{"id":13,"date":"2021-01-29T18:07:16","date_gmt":"2021-01-29T18:07:16","guid":{"rendered":"http:\/\/cantaohmusa.com\/index.php\/about\/"},"modified":"2021-05-21T12:11:27","modified_gmt":"2021-05-21T10:11:27","slug":"about","status":"publish","type":"page","link":"https:\/\/cantaohmusa.com\/index.php\/about\/","title":{"rendered":"Nosotros"},"content":{"rendered":"\t\t<div data-elementor-type=\"wp-page\" data-elementor-id=\"13\" class=\"elementor elementor-13\">\n\t\t\t\t\t\t<section class=\"elementor-section elementor-top-section elementor-element elementor-element-bf67fcb elementor-section-height-min-height elementor-section-boxed elementor-section-height-default elementor-section-items-middle\" data-id=\"bf67fcb\" data-element_type=\"section\" data-e-type=\"section\">\n\t\t\t\t\t\t<div class=\"elementor-container elementor-column-gap-no\">\n\t\t\t\t\t<div class=\"elementor-column elementor-col-100 elementor-top-column elementor-element elementor-element-ef325c4\" data-id=\"ef325c4\" data-element_type=\"column\" data-e-type=\"column\">\n\t\t\t<div class=\"elementor-widget-wrap elementor-element-populated\">\n\t\t\t\t\t\t<div class=\"elementor-element elementor-element-28891e9 elementor-widget elementor-widget-heading\" data-id=\"28891e9\" data-element_type=\"widget\" data-e-type=\"widget\" data-widget_type=\"heading.default\">\n\t\t\t\t<div class=\"elementor-widget-container\">\n\t\t\t\t\t<h5 class=\"elementor-heading-title elementor-size-default\">Sobre Canta, oh musa...<\/h5>\t\t\t\t<\/div>\n\t\t\t\t<\/div>\n\t\t\t\t<div class=\"elementor-element elementor-element-11a70de elementor-widget-divider--view-line elementor-widget elementor-widget-divider\" data-id=\"11a70de\" data-element_type=\"widget\" data-e-type=\"widget\" data-widget_type=\"divider.default\">\n\t\t\t\t<div class=\"elementor-widget-container\">\n\t\t\t\t\t\t\t<div class=\"elementor-divider\">\n\t\t\t<span class=\"elementor-divider-separator\">\n\t\t\t\t\t\t<\/span>\n\t\t<\/div>\n\t\t\t\t\t\t<\/div>\n\t\t\t\t<\/div>\n\t\t\t\t<section class=\"elementor-section elementor-inner-section elementor-element elementor-element-ebae384 elementor-section-boxed elementor-section-height-default elementor-section-height-default\" data-id=\"ebae384\" data-element_type=\"section\" data-e-type=\"section\">\n\t\t\t\t\t\t<div class=\"elementor-container elementor-column-gap-no\">\n\t\t\t\t\t<div class=\"elementor-column elementor-col-50 elementor-inner-column elementor-element elementor-element-32acb07\" data-id=\"32acb07\" data-element_type=\"column\" data-e-type=\"column\">\n\t\t\t<div class=\"elementor-widget-wrap elementor-element-populated\">\n\t\t\t\t\t\t<div class=\"elementor-element elementor-element-0e0093a elementor-widget elementor-widget-image\" data-id=\"0e0093a\" data-element_type=\"widget\" data-e-type=\"widget\" data-widget_type=\"image.default\">\n\t\t\t\t<div class=\"elementor-widget-container\">\n\t\t\t\t\t\t\t\t\t\t\t\t\t\t\t\t<a href=\"#\">\n\t\t\t\t\t\t\t<img decoding=\"async\" src=\"http:\/\/cantaohmusa.com\/wp-content\/uploads\/2021\/02\/corporate-02-free-img.jpg\" title=\"\" alt=\"\" loading=\"lazy\" \/>\t\t\t\t\t\t\t\t<\/a>\n\t\t\t\t\t\t\t\t\t\t\t\t\t\t\t<\/div>\n\t\t\t\t<\/div>\n\t\t\t\t\t<\/div>\n\t\t<\/div>\n\t\t\t\t<div class=\"elementor-column elementor-col-50 elementor-inner-column elementor-element elementor-element-593e3e4\" data-id=\"593e3e4\" data-element_type=\"column\" data-e-type=\"column\">\n\t\t\t<div class=\"elementor-widget-wrap elementor-element-populated\">\n\t\t\t\t\t\t<div class=\"elementor-element elementor-element-b13aac9 elementor-widget elementor-widget-image\" data-id=\"b13aac9\" data-element_type=\"widget\" data-e-type=\"widget\" data-widget_type=\"image.default\">\n\t\t\t\t<div class=\"elementor-widget-container\">\n\t\t\t\t\t\t\t\t\t\t\t\t\t\t\t\t<a href=\"#\">\n\t\t\t\t\t\t\t<img decoding=\"async\" src=\"http:\/\/cantaohmusa.com\/wp-content\/uploads\/2021\/02\/corporate-01-free-img.jpg\" title=\"\" alt=\"\" loading=\"lazy\" \/>\t\t\t\t\t\t\t\t<\/a>\n\t\t\t\t\t\t\t\t\t\t\t\t\t\t\t<\/div>\n\t\t\t\t<\/div>\n\t\t\t\t\t<\/div>\n\t\t<\/div>\n\t\t\t\t\t<\/div>\n\t\t<\/section>\n\t\t\t\t<div class=\"elementor-element elementor-element-da53abf elementor-widget elementor-widget-text-editor\" data-id=\"da53abf\" data-element_type=\"widget\" data-e-type=\"widget\" data-widget_type=\"text-editor.default\">\n\t\t\t\t<div class=\"elementor-widget-container\">\n\t\t\t\t\t\t\t\t\t<p>El objetivo de este blog es sencillo, aunque ambicioso. Mi intenci\u00f3n es ofrecer art\u00edculos divulgativos sobre distintos momentos hist\u00f3ricos para todo aquel que le interesen estos temas.<\/p>\t\t\t\t\t\t\t\t<\/div>\n\t\t\t\t<\/div>\n\t\t\t\t\t<\/div>\n\t\t<\/div>\n\t\t\t\t\t<\/div>\n\t\t<\/section>\n\t\t\t\t<\/div>\n\t\t","protected":false},"excerpt":{"rendered":"<p>Sobre Canta, oh musa&#8230; El objetivo de este blog es sencillo, aunque ambicioso. Mi intenci\u00f3n es ofrecer art\u00edculos divulgativos sobre<\/p>\n","protected":false},"author":1,"featured_media":0,"parent":0,"menu_order":0,"comment_status":"closed","ping_status":"closed","template":"","meta":{"colormag_page_container_layout":"default_layout","colormag_page_sidebar_layout":"default_layout","_monsterinsights_skip_tracking":false,"_monsterinsights_sitenote_active":false,"_monsterinsights_sitenote_note":"","_monsterinsights_sitenote_category":0,"_uf_show_specific_survey":0,"_uf_disable_surveys":false,"footnotes":""},"class_list":["post-13","page","type-page","status-publish","hentry"],"yoast_head":"<!-- This site is optimized with the Yoast SEO plugin v27.5 - https:\/\/yoast.com\/product\/yoast-seo-wordpress\/ -->\n<title>Nosotros - Canta, oh musa<\/title>\n<meta name=\"robots\" content=\"index, follow, max-snippet:-1, max-image-preview:large, max-video-preview:-1\" \/>\n<link rel=\"canonical\" href=\"https:\/\/cantaohmusa.com\/index.php\/about\/\" \/>\n<meta property=\"og:locale\" content=\"es_ES\" \/>\n<meta property=\"og:type\" content=\"article\" \/>\n<meta property=\"og:title\" content=\"Nosotros - Canta, oh musa\" \/>\n<meta property=\"og:description\" content=\"Sobre Canta, oh musa&#8230; El objetivo de este blog es sencillo, aunque ambicioso. Mi intenci\u00f3n es ofrecer art\u00edculos divulgativos sobre\" \/>\n<meta property=\"og:url\" content=\"https:\/\/cantaohmusa.com\/index.php\/about\/\" \/>\n<meta property=\"og:site_name\" content=\"Canta, oh musa\" \/>\n<meta property=\"article:modified_time\" content=\"2021-05-21T10:11:27+00:00\" \/>\n<meta property=\"og:image\" content=\"http:\/\/cantaohmusa.com\/wp-content\/uploads\/2021\/02\/corporate-02-free-img.jpg\" \/>\n<meta name=\"twitter:card\" content=\"summary_large_image\" \/>\n<meta name=\"twitter:label1\" content=\"Tiempo de lectura\" \/>\n\t<meta name=\"twitter:data1\" content=\"3 minutos\" \/>\n<script type=\"application\/ld+json\" class=\"yoast-schema-graph\">{\"@context\":\"https:\\\/\\\/schema.org\",\"@graph\":[{\"@type\":\"WebPage\",\"@id\":\"https:\\\/\\\/cantaohmusa.com\\\/index.php\\\/about\\\/\",\"url\":\"https:\\\/\\\/cantaohmusa.com\\\/index.php\\\/about\\\/\",\"name\":\"Nosotros - Canta, oh musa\",\"isPartOf\":{\"@id\":\"https:\\\/\\\/cantaohmusa.com\\\/#website\"},\"primaryImageOfPage\":{\"@id\":\"https:\\\/\\\/cantaohmusa.com\\\/index.php\\\/about\\\/#primaryimage\"},\"image\":{\"@id\":\"https:\\\/\\\/cantaohmusa.com\\\/index.php\\\/about\\\/#primaryimage\"},\"thumbnailUrl\":\"http:\\\/\\\/cantaohmusa.com\\\/wp-content\\\/uploads\\\/2021\\\/02\\\/corporate-02-free-img.jpg\",\"datePublished\":\"2021-01-29T18:07:16+00:00\",\"dateModified\":\"2021-05-21T10:11:27+00:00\",\"breadcrumb\":{\"@id\":\"https:\\\/\\\/cantaohmusa.com\\\/index.php\\\/about\\\/#breadcrumb\"},\"inLanguage\":\"es\",\"potentialAction\":[{\"@type\":\"ReadAction\",\"target\":[\"https:\\\/\\\/cantaohmusa.com\\\/index.php\\\/about\\\/\"]}]},{\"@type\":\"ImageObject\",\"inLanguage\":\"es\",\"@id\":\"https:\\\/\\\/cantaohmusa.com\\\/index.php\\\/about\\\/#primaryimage\",\"url\":\"http:\\\/\\\/cantaohmusa.com\\\/wp-content\\\/uploads\\\/2021\\\/02\\\/corporate-02-free-img.jpg\",\"contentUrl\":\"http:\\\/\\\/cantaohmusa.com\\\/wp-content\\\/uploads\\\/2021\\\/02\\\/corporate-02-free-img.jpg\"},{\"@type\":\"BreadcrumbList\",\"@id\":\"https:\\\/\\\/cantaohmusa.com\\\/index.php\\\/about\\\/#breadcrumb\",\"itemListElement\":[{\"@type\":\"ListItem\",\"position\":1,\"name\":\"Portada\",\"item\":\"https:\\\/\\\/cantaohmusa.com\\\/\"},{\"@type\":\"ListItem\",\"position\":2,\"name\":\"Nosotros\"}]},{\"@type\":\"WebSite\",\"@id\":\"https:\\\/\\\/cantaohmusa.com\\\/#website\",\"url\":\"https:\\\/\\\/cantaohmusa.com\\\/\",\"name\":\"Canta, oh musa\",\"description\":\"Quien no conoce su historia est\u00e1 condenado a repetirla\",\"publisher\":{\"@id\":\"https:\\\/\\\/cantaohmusa.com\\\/#\\\/schema\\\/person\\\/159260f649bb45cda01f87a0a14e820d\"},\"potentialAction\":[{\"@type\":\"SearchAction\",\"target\":{\"@type\":\"EntryPoint\",\"urlTemplate\":\"https:\\\/\\\/cantaohmusa.com\\\/?s={search_term_string}\"},\"query-input\":{\"@type\":\"PropertyValueSpecification\",\"valueRequired\":true,\"valueName\":\"search_term_string\"}}],\"inLanguage\":\"es\"},{\"@type\":[\"Person\",\"Organization\"],\"@id\":\"https:\\\/\\\/cantaohmusa.com\\\/#\\\/schema\\\/person\\\/159260f649bb45cda01f87a0a14e820d\",\"name\":\"Alberto Trujillo\",\"image\":{\"@type\":\"ImageObject\",\"inLanguage\":\"es\",\"@id\":\"https:\\\/\\\/cantaohmusa.com\\\/wp-content\\\/uploads\\\/2021\\\/05\\\/faviconA.png\",\"url\":\"https:\\\/\\\/cantaohmusa.com\\\/wp-content\\\/uploads\\\/2021\\\/05\\\/faviconA.png\",\"contentUrl\":\"https:\\\/\\\/cantaohmusa.com\\\/wp-content\\\/uploads\\\/2021\\\/05\\\/faviconA.png\",\"width\":512,\"height\":512,\"caption\":\"Alberto Trujillo\"},\"logo\":{\"@id\":\"https:\\\/\\\/cantaohmusa.com\\\/wp-content\\\/uploads\\\/2021\\\/05\\\/faviconA.png\"}}]}<\/script>\n<!-- \/ Yoast SEO plugin. -->","yoast_head_json":{"title":"Nosotros - Canta, oh musa","robots":{"index":"index","follow":"follow","max-snippet":"max-snippet:-1","max-image-preview":"max-image-preview:large","max-video-preview":"max-video-preview:-1"},"canonical":"https:\/\/cantaohmusa.com\/index.php\/about\/","og_locale":"es_ES","og_type":"article","og_title":"Nosotros - Canta, oh musa","og_description":"Sobre Canta, oh musa&#8230; El objetivo de este blog es sencillo, aunque ambicioso. Mi intenci\u00f3n es ofrecer art\u00edculos divulgativos sobre","og_url":"https:\/\/cantaohmusa.com\/index.php\/about\/","og_site_name":"Canta, oh musa","article_modified_time":"2021-05-21T10:11:27+00:00","og_image":[{"url":"http:\/\/cantaohmusa.com\/wp-content\/uploads\/2021\/02\/corporate-02-free-img.jpg","type":"","width":"","height":""}],"twitter_card":"summary_large_image","twitter_misc":{"Tiempo de lectura":"3 minutos"},"schema":{"@context":"https:\/\/schema.org","@graph":[{"@type":"WebPage","@id":"https:\/\/cantaohmusa.com\/index.php\/about\/","url":"https:\/\/cantaohmusa.com\/index.php\/about\/","name":"Nosotros - Canta, oh musa","isPartOf":{"@id":"https:\/\/cantaohmusa.com\/#website"},"primaryImageOfPage":{"@id":"https:\/\/cantaohmusa.com\/index.php\/about\/#primaryimage"},"image":{"@id":"https:\/\/cantaohmusa.com\/index.php\/about\/#primaryimage"},"thumbnailUrl":"http:\/\/cantaohmusa.com\/wp-content\/uploads\/2021\/02\/corporate-02-free-img.jpg","datePublished":"2021-01-29T18:07:16+00:00","dateModified":"2021-05-21T10:11:27+00:00","breadcrumb":{"@id":"https:\/\/cantaohmusa.com\/index.php\/about\/#breadcrumb"},"inLanguage":"es","potentialAction":[{"@type":"ReadAction","target":["https:\/\/cantaohmusa.com\/index.php\/about\/"]}]},{"@type":"ImageObject","inLanguage":"es","@id":"https:\/\/cantaohmusa.com\/index.php\/about\/#primaryimage","url":"http:\/\/cantaohmusa.com\/wp-content\/uploads\/2021\/02\/corporate-02-free-img.jpg","contentUrl":"http:\/\/cantaohmusa.com\/wp-content\/uploads\/2021\/02\/corporate-02-free-img.jpg"},{"@type":"BreadcrumbList","@id":"https:\/\/cantaohmusa.com\/index.php\/about\/#breadcrumb","itemListElement":[{"@type":"ListItem","position":1,"name":"Portada","item":"https:\/\/cantaohmusa.com\/"},{"@type":"ListItem","position":2,"name":"Nosotros"}]},{"@type":"WebSite","@id":"https:\/\/cantaohmusa.com\/#website","url":"https:\/\/cantaohmusa.com\/","name":"Canta, oh musa","description":"Quien no conoce su historia est\u00e1 condenado a repetirla","publisher":{"@id":"https:\/\/cantaohmusa.com\/#\/schema\/person\/159260f649bb45cda01f87a0a14e820d"},"potentialAction":[{"@type":"SearchAction","target":{"@type":"EntryPoint","urlTemplate":"https:\/\/cantaohmusa.com\/?s={search_term_string}"},"query-input":{"@type":"PropertyValueSpecification","valueRequired":true,"valueName":"search_term_string"}}],"inLanguage":"es"},{"@type":["Person","Organization"],"@id":"https:\/\/cantaohmusa.com\/#\/schema\/person\/159260f649bb45cda01f87a0a14e820d","name":"Alberto Trujillo","image":{"@type":"ImageObject","inLanguage":"es","@id":"https:\/\/cantaohmusa.com\/wp-content\/uploads\/2021\/05\/faviconA.png","url":"https:\/\/cantaohmusa.com\/wp-content\/uploads\/2021\/05\/faviconA.png","contentUrl":"https:\/\/cantaohmusa.com\/wp-content\/uploads\/2021\/05\/faviconA.png","width":512,"height":512,"caption":"Alberto Trujillo"},"logo":{"@id":"https:\/\/cantaohmusa.com\/wp-content\/uploads\/2021\/05\/faviconA.png"}}]}},"jetpack-related-posts":[],"jetpack_sharing_enabled":true,"_links":{"self":[{"href":"https:\/\/cantaohmusa.com\/index.php\/wp-json\/wp\/v2\/pages\/13","targetHints":{"allow":["GET"]}}],"collection":[{"href":"https:\/\/cantaohmusa.com\/index.php\/wp-json\/wp\/v2\/pages"}],"about":[{"href":"https:\/\/cantaohmusa.com\/index.php\/wp-json\/wp\/v2\/types\/page"}],"author":[{"embeddable":true,"href":"https:\/\/cantaohmusa.com\/index.php\/wp-json\/wp\/v2\/users\/1"}],"replies":[{"embeddable":true,"href":"https:\/\/cantaohmusa.com\/index.php\/wp-json\/wp\/v2\/comments?post=13"}],"version-history":[{"count":5,"href":"https:\/\/cantaohmusa.com\/index.php\/wp-json\/wp\/v2\/pages\/13\/revisions"}],"predecessor-version":[{"id":619,"href":"https:\/\/cantaohmusa.com\/index.php\/wp-json\/wp\/v2\/pages\/13\/revisions\/619"}],"wp:attachment":[{"href":"https:\/\/cantaohmusa.com\/index.php\/wp-json\/wp\/v2\/media?parent=13"}],"curies":[{"name":"wp","href":"https:\/\/api.w.org\/{rel}","templated":true}]}}