{"id":234,"date":"2021-01-29T18:04:42","date_gmt":"2021-01-29T18:04:42","guid":{"rendered":"http:\/\/cantaohmusa.com\/index.php\/home\/"},"modified":"2021-05-21T17:07:24","modified_gmt":"2021-05-21T15:07:24","slug":"inicio","status":"publish","type":"page","link":"https:\/\/cantaohmusa.com\/index.php\/inicio\/","title":{"rendered":"Inicio"},"content":{"rendered":"<div class=\"monsterinsights-inline-popular-posts monsterinsights-inline-popular-posts-charlie monsterinsights-popular-posts-styled\" ><div class=\"monsterinsights-inline-popular-posts-text\"><span class=\"monsterinsights-inline-popular-posts-label\" >Entradas populares<\/span><span class=\"monsterinsights-inline-popular-posts-border\" ><\/span><div class=\"monsterinsights-inline-popular-posts-post\"><a class=\"monsterinsights-inline-popular-posts-title\"  href=\"https:\/\/cantaohmusa.com\/index.php\/2021\/02\/23\/la-batalla-de-kawanakajima\/\">La Batalla de  Kawanakajima<\/a><\/div><div class=\"monsterinsights-inline-popular-posts-post\"><a class=\"monsterinsights-inline-popular-posts-title\"  href=\"https:\/\/cantaohmusa.com\/index.php\/2021\/05\/19\/selasia-la-ultima-batalla-de-esparta\/\">Selasia, la \u00faltima batalla de Esparta<\/a><\/div><div class=\"monsterinsights-inline-popular-posts-post\"><a class=\"monsterinsights-inline-popular-posts-title\"  href=\"https:\/\/cantaohmusa.com\/index.php\/2021\/02\/11\/los-griegos-en-iberia\/\">Los griegos en Iberia<\/a><\/div><\/div><\/div><p><\/p>\n\n\n<p><strong><span style=\"color:#123a40\" class=\"has-inline-color\">\u00daltimas entradas<\/span><\/strong><\/p>\n\n\n<ul class=\"wp-block-latest-posts__list has-dates wp-block-latest-posts\"><li><div class=\"wp-block-latest-posts__featured-image alignleft\"><a href=\"https:\/\/cantaohmusa.com\/index.php\/2021\/05\/19\/selasia-la-ultima-batalla-de-esparta\/\" aria-label=\"Selasia, la \u00faltima batalla de Esparta\"><img decoding=\"async\" width=\"150\" height=\"150\" src=\"https:\/\/cantaohmusa.com\/wp-content\/uploads\/2021\/05\/GRH07845-150x150.jpg\" class=\"attachment-thumbnail size-thumbnail wp-post-image\" alt=\"\" style=\"max-width:125px;max-height:125px;\" \/><\/a><\/div><a class=\"wp-block-latest-posts__post-title\" href=\"https:\/\/cantaohmusa.com\/index.php\/2021\/05\/19\/selasia-la-ultima-batalla-de-esparta\/\">Selasia, la \u00faltima batalla de Esparta<\/a><time datetime=\"2021-05-19T17:47:36+01:00\" class=\"wp-block-latest-posts__post-date\">19 de mayo de 2021<\/time><div class=\"wp-block-latest-posts__post-excerpt\">Situ\u00e9monos en el a\u00f1o 254 a. de C., hace unos 70 a\u00f1os que Alejandro de Macedonia ha muerto dejando un imperio enorme. Cuando en su lecho de muerte le preguntaron a Alejandro, qui\u00e9n heredar\u00eda su imperio, dicen que \u00e9ste respondi\u00f3: -\u201c El mejor \u201c Los generales macedonios se apresuraron a<\/div><\/li>\n<li><div class=\"wp-block-latest-posts__featured-image alignleft\"><a href=\"https:\/\/cantaohmusa.com\/index.php\/2021\/02\/23\/la-batalla-de-kawanakajima\/\" aria-label=\"La Batalla de  Kawanakajima\"><img decoding=\"async\" width=\"150\" height=\"150\" src=\"https:\/\/cantaohmusa.com\/wp-content\/uploads\/2021\/02\/portada-150x150.jpg\" class=\"attachment-thumbnail size-thumbnail wp-post-image\" alt=\"Batalla de Kawanakajima\" style=\"max-width:125px;max-height:125px;\" \/><\/a><\/div><a class=\"wp-block-latest-posts__post-title\" href=\"https:\/\/cantaohmusa.com\/index.php\/2021\/02\/23\/la-batalla-de-kawanakajima\/\">La Batalla de  Kawanakajima<\/a><time datetime=\"2021-02-23T15:21:41+01:00\" class=\"wp-block-latest-posts__post-date\">23 de febrero de 2021<\/time><div class=\"wp-block-latest-posts__post-excerpt\">El siglo XVI en Jap\u00f3n fue una continuaci\u00f3n de los siglos anteriores, una \u00e9poca convulsa en la que continuas guerras civiles asolaban el pa\u00eds, y los gobernadores o daimyos luchaban entre s\u00ed incesantemente. En teor\u00eda el Jap\u00f3n estaba gobernado por el Emperador, una figura semi divina, pero desde la guerra<\/div><\/li>\n<li><div class=\"wp-block-latest-posts__featured-image alignleft\"><a href=\"https:\/\/cantaohmusa.com\/index.php\/2021\/02\/11\/los-griegos-en-iberia\/\" aria-label=\"Los griegos en Iberia\"><img decoding=\"async\" width=\"150\" height=\"150\" src=\"https:\/\/cantaohmusa.com\/wp-content\/uploads\/2021\/02\/Heracles-luchando-contra-Gerion-150x150.jpg\" class=\"attachment-thumbnail size-thumbnail wp-post-image\" alt=\"\" style=\"max-width:125px;max-height:125px;\" \/><\/a><\/div><a class=\"wp-block-latest-posts__post-title\" href=\"https:\/\/cantaohmusa.com\/index.php\/2021\/02\/11\/los-griegos-en-iberia\/\">Los griegos en Iberia<\/a><time datetime=\"2021-02-11T16:36:29+01:00\" class=\"wp-block-latest-posts__post-date\">11 de febrero de 2021<\/time><div class=\"wp-block-latest-posts__post-excerpt\">La influencia hel\u00e9nica en la historia y la cultura occidental, y por tanto en la nuestra, es indiscutible, gracias a su expansi\u00f3n el Imperio Romano se convirti\u00f3 en correa transmisora de la cultura, valores, arte, filosof\u00eda y modo de ver al hombre y la vida que hab\u00edan nacido en Grecia<\/div><\/li>\n<\/ul>","protected":false},"excerpt":{"rendered":"<p>\u00daltimas entradas<\/p>\n","protected":false},"author":1,"featured_media":0,"parent":0,"menu_order":0,"comment_status":"closed","ping_status":"closed","template":"","meta":{"_monsterinsights_skip_tracking":false,"_monsterinsights_sitenote_active":false,"_monsterinsights_sitenote_note":"","_monsterinsights_sitenote_category":0,"_uf_show_specific_survey":0,"_uf_disable_surveys":false,"jetpack_post_was_ever_published":false,"footnotes":""},"class_list":["post-234","page","type-page","status-publish","hentry"],"yoast_head":"<!-- This site is optimized with the Yoast SEO plugin v22.6 - https:\/\/yoast.com\/wordpress\/plugins\/seo\/ -->\n<title>Inicio - Canta, oh musa<\/title>\n<meta name=\"robots\" content=\"index, follow, max-snippet:-1, max-image-preview:large, max-video-preview:-1\" \/>\n<link rel=\"canonical\" href=\"https:\/\/cantaohmusa.com\/index.php\/inicio\/\" \/>\n<meta property=\"og:locale\" content=\"es_ES\" \/>\n<meta property=\"og:type\" content=\"article\" \/>\n<meta property=\"og:title\" content=\"Inicio - Canta, oh musa\" \/>\n<meta property=\"og:description\" content=\"\u00daltimas entradas\" \/>\n<meta property=\"og:url\" content=\"https:\/\/cantaohmusa.com\/index.php\/inicio\/\" \/>\n<meta property=\"og:site_name\" content=\"Canta, oh musa\" \/>\n<meta property=\"article:modified_time\" content=\"2021-05-21T15:07:24+00:00\" \/>\n<meta name=\"twitter:card\" content=\"summary_large_image\" \/>\n<meta name=\"twitter:label1\" content=\"Tiempo de lectura\" \/>\n\t<meta name=\"twitter:data1\" content=\"5 minutos\" \/>\n<script type=\"application\/ld+json\" class=\"yoast-schema-graph\">{\"@context\":\"https:\/\/schema.org\",\"@graph\":[{\"@type\":\"WebPage\",\"@id\":\"https:\/\/cantaohmusa.com\/index.php\/inicio\/\",\"url\":\"https:\/\/cantaohmusa.com\/index.php\/inicio\/\",\"name\":\"Inicio - Canta, oh musa\",\"isPartOf\":{\"@id\":\"https:\/\/cantaohmusa.com\/#website\"},\"datePublished\":\"2021-01-29T18:04:42+00:00\",\"dateModified\":\"2021-05-21T15:07:24+00:00\",\"breadcrumb\":{\"@id\":\"https:\/\/cantaohmusa.com\/index.php\/inicio\/#breadcrumb\"},\"inLanguage\":\"es\",\"potentialAction\":[{\"@type\":\"ReadAction\",\"target\":[\"https:\/\/cantaohmusa.com\/index.php\/inicio\/\"]}]},{\"@type\":\"BreadcrumbList\",\"@id\":\"https:\/\/cantaohmusa.com\/index.php\/inicio\/#breadcrumb\",\"itemListElement\":[{\"@type\":\"ListItem\",\"position\":1,\"name\":\"Portada\",\"item\":\"https:\/\/cantaohmusa.com\/\"},{\"@type\":\"ListItem\",\"position\":2,\"name\":\"Inicio\"}]},{\"@type\":\"WebSite\",\"@id\":\"https:\/\/cantaohmusa.com\/#website\",\"url\":\"https:\/\/cantaohmusa.com\/\",\"name\":\"Canta, oh musa\",\"description\":\"Quien no conoce su historia est\u00e1 condenado a repetirla\",\"publisher\":{\"@id\":\"https:\/\/cantaohmusa.com\/#\/schema\/person\/db3de3c57c9f1bf3d193538fe283370e\"},\"potentialAction\":[{\"@type\":\"SearchAction\",\"target\":{\"@type\":\"EntryPoint\",\"urlTemplate\":\"https:\/\/cantaohmusa.com\/?s={search_term_string}\"},\"query-input\":\"required name=search_term_string\"}],\"inLanguage\":\"es\"},{\"@type\":[\"Person\",\"Organization\"],\"@id\":\"https:\/\/cantaohmusa.com\/#\/schema\/person\/db3de3c57c9f1bf3d193538fe283370e\",\"name\":\"Patricia\",\"image\":{\"@type\":\"ImageObject\",\"inLanguage\":\"es\",\"@id\":\"https:\/\/cantaohmusa.com\/#\/schema\/person\/image\/\",\"url\":\"https:\/\/cantaohmusa.com\/wp-content\/uploads\/2021\/05\/faviconA.png\",\"contentUrl\":\"https:\/\/cantaohmusa.com\/wp-content\/uploads\/2021\/05\/faviconA.png\",\"width\":512,\"height\":512,\"caption\":\"Patricia\"},\"logo\":{\"@id\":\"https:\/\/cantaohmusa.com\/#\/schema\/person\/image\/\"},\"sameAs\":[\"http:\/\/cantaohmusa.com\"]}]}<\/script>\n<!-- \/ Yoast SEO plugin. -->","yoast_head_json":{"title":"Inicio - Canta, oh musa","robots":{"index":"index","follow":"follow","max-snippet":"max-snippet:-1","max-image-preview":"max-image-preview:large","max-video-preview":"max-video-preview:-1"},"canonical":"https:\/\/cantaohmusa.com\/index.php\/inicio\/","og_locale":"es_ES","og_type":"article","og_title":"Inicio - Canta, oh musa","og_description":"\u00daltimas entradas","og_url":"https:\/\/cantaohmusa.com\/index.php\/inicio\/","og_site_name":"Canta, oh musa","article_modified_time":"2021-05-21T15:07:24+00:00","twitter_card":"summary_large_image","twitter_misc":{"Tiempo de lectura":"5 minutos"},"schema":{"@context":"https:\/\/schema.org","@graph":[{"@type":"WebPage","@id":"https:\/\/cantaohmusa.com\/index.php\/inicio\/","url":"https:\/\/cantaohmusa.com\/index.php\/inicio\/","name":"Inicio - Canta, oh musa","isPartOf":{"@id":"https:\/\/cantaohmusa.com\/#website"},"datePublished":"2021-01-29T18:04:42+00:00","dateModified":"2021-05-21T15:07:24+00:00","breadcrumb":{"@id":"https:\/\/cantaohmusa.com\/index.php\/inicio\/#breadcrumb"},"inLanguage":"es","potentialAction":[{"@type":"ReadAction","target":["https:\/\/cantaohmusa.com\/index.php\/inicio\/"]}]},{"@type":"BreadcrumbList","@id":"https:\/\/cantaohmusa.com\/index.php\/inicio\/#breadcrumb","itemListElement":[{"@type":"ListItem","position":1,"name":"Portada","item":"https:\/\/cantaohmusa.com\/"},{"@type":"ListItem","position":2,"name":"Inicio"}]},{"@type":"WebSite","@id":"https:\/\/cantaohmusa.com\/#website","url":"https:\/\/cantaohmusa.com\/","name":"Canta, oh musa","description":"Quien no conoce su historia est\u00e1 condenado a repetirla","publisher":{"@id":"https:\/\/cantaohmusa.com\/#\/schema\/person\/db3de3c57c9f1bf3d193538fe283370e"},"potentialAction":[{"@type":"SearchAction","target":{"@type":"EntryPoint","urlTemplate":"https:\/\/cantaohmusa.com\/?s={search_term_string}"},"query-input":"required name=search_term_string"}],"inLanguage":"es"},{"@type":["Person","Organization"],"@id":"https:\/\/cantaohmusa.com\/#\/schema\/person\/db3de3c57c9f1bf3d193538fe283370e","name":"Patricia","image":{"@type":"ImageObject","inLanguage":"es","@id":"https:\/\/cantaohmusa.com\/#\/schema\/person\/image\/","url":"https:\/\/cantaohmusa.com\/wp-content\/uploads\/2021\/05\/faviconA.png","contentUrl":"https:\/\/cantaohmusa.com\/wp-content\/uploads\/2021\/05\/faviconA.png","width":512,"height":512,"caption":"Patricia"},"logo":{"@id":"https:\/\/cantaohmusa.com\/#\/schema\/person\/image\/"},"sameAs":["http:\/\/cantaohmusa.com"]}]}},"jetpack-related-posts":[],"jetpack_sharing_enabled":true,"_links":{"self":[{"href":"https:\/\/cantaohmusa.com\/index.php\/wp-json\/wp\/v2\/pages\/234","targetHints":{"allow":["GET"]}}],"collection":[{"href":"https:\/\/cantaohmusa.com\/index.php\/wp-json\/wp\/v2\/pages"}],"about":[{"href":"https:\/\/cantaohmusa.com\/index.php\/wp-json\/wp\/v2\/types\/page"}],"author":[{"embeddable":true,"href":"https:\/\/cantaohmusa.com\/index.php\/wp-json\/wp\/v2\/users\/1"}],"replies":[{"embeddable":true,"href":"https:\/\/cantaohmusa.com\/index.php\/wp-json\/wp\/v2\/comments?post=234"}],"version-history":[{"count":28,"href":"https:\/\/cantaohmusa.com\/index.php\/wp-json\/wp\/v2\/pages\/234\/revisions"}],"predecessor-version":[{"id":666,"href":"https:\/\/cantaohmusa.com\/index.php\/wp-json\/wp\/v2\/pages\/234\/revisions\/666"}],"wp:attachment":[{"href":"https:\/\/cantaohmusa.com\/index.php\/wp-json\/wp\/v2\/media?parent=234"}],"curies":[{"name":"wp","href":"https:\/\/api.w.org\/{rel}","templated":true}]}}